{"id":165,"date":"2022-03-03T11:23:59","date_gmt":"2022-03-03T11:23:59","guid":{"rendered":"http:\/\/edusexage.eu\/?page_id=165"},"modified":"2023-09-21T13:24:43","modified_gmt":"2023-09-21T13:24:43","slug":"userreport","status":"publish","type":"page","link":"https:\/\/edusexage.eu\/sl\/userreport\/","title":{"rendered":"UserReport"},"content":{"rendered":"<div data-elementor-type=\"wp-page\" data-elementor-id=\"165\" class=\"elementor elementor-165\">\n\t\t\t\t\t\t<section class=\"elementor-section elementor-top-section elementor-element elementor-element-063b9b1 elementor-hidden-tablet elementor-hidden-mobile elementor-hidden-desktop elementor-section-boxed elementor-section-height-default elementor-section-height-default\" data-id=\"063b9b1\" data-element_type=\"section\">\n\t\t\t\t\t\t<div class=\"elementor-container elementor-column-gap-default\">\n\t\t\t\t\t<div class=\"elementor-column elementor-col-50 elementor-top-column elementor-element elementor-element-217c5f8\" data-id=\"217c5f8\" data-element_type=\"column\">\n\t\t\t<div class=\"elementor-widget-wrap elementor-element-populated\">\n\t\t\t\t\t\t<div class=\"elementor-element elementor-element-37f5c89 elementor-widget elementor-widget-image\" data-id=\"37f5c89\" data-element_type=\"widget\" data-widget_type=\"image.default\">\n\t\t\t\t<div class=\"elementor-widget-container\">\n\t\t\t<style>\/*! elementor - v3.21.0 - 25-04-2024 *\/\n.elementor-widget-image{text-align:center}.elementor-widget-image a{display:inline-block}.elementor-widget-image a img[src$=\".svg\"]{width:48px}.elementor-widget-image img{vertical-align:middle;display:inline-block}<\/style>\t\t\t\t\t\t\t\t\t\t<img fetchpriority=\"high\" decoding=\"async\" width=\"580\" height=\"156\" src=\"https:\/\/edusexage.eu\/wp-content\/uploads\/2022\/03\/EduSexAge-Horizontal-WHITE-1024x276.png\" class=\"attachment-large size-large wp-image-17\" alt=\"\" srcset=\"https:\/\/edusexage.eu\/wp-content\/uploads\/2022\/03\/EduSexAge-Horizontal-WHITE-1024x276.png 1024w, https:\/\/edusexage.eu\/wp-content\/uploads\/2022\/03\/EduSexAge-Horizontal-WHITE-300x81.png 300w, https:\/\/edusexage.eu\/wp-content\/uploads\/2022\/03\/EduSexAge-Horizontal-WHITE-768x207.png 768w, https:\/\/edusexage.eu\/wp-content\/uploads\/2022\/03\/EduSexAge-Horizontal-WHITE-1536x414.png 1536w, https:\/\/edusexage.eu\/wp-content\/uploads\/2022\/03\/EduSexAge-Horizontal-WHITE-1200x324.png 1200w, https:\/\/edusexage.eu\/wp-content\/uploads\/2022\/03\/EduSexAge-Horizontal-WHITE.png 1687w\" sizes=\"(max-width: 580px) 100vw, 580px\" \/>\t\t\t\t\t\t\t\t\t\t\t\t\t<\/div>\n\t\t\t\t<\/div>\n\t\t\t\t\t<\/div>\n\t\t<\/div>\n\t\t\t\t<div class=\"elementor-column elementor-col-50 elementor-top-column elementor-element elementor-element-fc3355b\" data-id=\"fc3355b\" data-element_type=\"column\">\n\t\t\t<div class=\"elementor-widget-wrap elementor-element-populated\">\n\t\t\t\t\t\t<div class=\"elementor-element elementor-element-85e4ce3 elementor-widget elementor-widget-ekit-nav-menu\" data-id=\"85e4ce3\" data-element_type=\"widget\" data-widget_type=\"ekit-nav-menu.default\">\n\t\t\t\t<div class=\"elementor-widget-container\">\n\t\t\t<div class=\"ekit-wid-con ekit_menu_responsive_tablet\" data-hamburger-icon=\"\" data-hamburger-icon-type=\"icon\" data-responsive-breakpoint=\"1024\">            <button class=\"elementskit-menu-hamburger elementskit-menu-toggler\"  type=\"button\" aria-label=\"hamburger-icon\">\n                                    <span class=\"elementskit-menu-hamburger-icon\"><\/span><span class=\"elementskit-menu-hamburger-icon\"><\/span><span class=\"elementskit-menu-hamburger-icon\"><\/span>\n                            <\/button>\n            <div id=\"ekit-megamenu-menu\" class=\"elementskit-menu-container elementskit-menu-offcanvas-elements elementskit-navbar-nav-default ekit-nav-menu-one-page-no ekit-nav-dropdown-hover\"><ul id=\"menu-menu\" class=\"elementskit-navbar-nav elementskit-menu-po-right submenu-click-on-icon\"><li id=\"menu-item-33\" class=\"menu-item menu-item-type-custom menu-item-object-custom menu-item-33 nav-item elementskit-mobile-builder-content\" data-vertical-menu=\"750px\"><a href=\"#about\" class=\"ekit-menu-nav-link\">O projektu:<\/a><\/li>\n<li id=\"menu-item-34\" class=\"menu-item menu-item-type-custom menu-item-object-custom menu-item-34 nav-item elementskit-mobile-builder-content\" data-vertical-menu=\"750px\"><a href=\"#projectresults\" class=\"ekit-menu-nav-link\">Rezultati projekta in opisi:<\/a><\/li>\n<li id=\"menu-item-35\" class=\"menu-item menu-item-type-custom menu-item-object-custom menu-item-35 nav-item elementskit-mobile-builder-content\" data-vertical-menu=\"750px\"><a href=\"#partners\" class=\"ekit-menu-nav-link\">Kdo smo<\/a><\/li>\n<li id=\"menu-item-36\" class=\"menu-item menu-item-type-custom menu-item-object-custom menu-item-36 nav-item elementskit-mobile-builder-content\" data-vertical-menu=\"750px\"><a href=\"#news\" class=\"ekit-menu-nav-link\">Novice:<\/a><\/li>\n<li id=\"menu-item-37\" class=\"menu-item menu-item-type-custom menu-item-object-custom menu-item-37 nav-item elementskit-mobile-builder-content\" data-vertical-menu=\"750px\"><a href=\"#contact\" class=\"ekit-menu-nav-link\">Kontakt:<\/a><\/li>\n<\/ul><div class=\"elementskit-nav-identity-panel\">\n\t\t\t\t<div class=\"elementskit-site-title\">\n\t\t\t\t\t<a class=\"elementskit-nav-logo\" href=\"https:\/\/edusexage.eu\/sl\" target=\"_self\" rel=\"\">\n\t\t\t\t\t\t<img decoding=\"async\" src=\"\" title=\"\" alt=\"\" \/>\n\t\t\t\t\t<\/a> \n\t\t\t\t<\/div><button class=\"elementskit-menu-close elementskit-menu-toggler\" type=\"button\">X<\/button><\/div><\/div>\t\t\t\n\t\t\t<div class=\"elementskit-menu-overlay elementskit-menu-offcanvas-elements elementskit-menu-toggler ekit-nav-menu--overlay\"><\/div><\/div>\t\t<\/div>\n\t\t\t\t<\/div>\n\t\t\t\t\t<\/div>\n\t\t<\/div>\n\t\t\t\t\t<\/div>\n\t\t<\/section>\n\t\t\t\t<section class=\"elementor-section elementor-top-section elementor-element elementor-element-1991e2e elementor-section-height-min-height elementor-hidden-desktop elementor-section-boxed elementor-section-height-default elementor-section-items-middle\" data-id=\"1991e2e\" data-element_type=\"section\" data-settings=\"{&quot;background_background&quot;:&quot;classic&quot;}\">\n\t\t\t\t\t\t\t<div class=\"elementor-background-overlay\"><\/div>\n\t\t\t\t\t\t\t<div class=\"elementor-container elementor-column-gap-default\">\n\t\t\t\t\t<div class=\"elementor-column elementor-col-100 elementor-top-column elementor-element elementor-element-4a12f3e\" data-id=\"4a12f3e\" data-element_type=\"column\">\n\t\t\t<div class=\"elementor-widget-wrap elementor-element-populated\">\n\t\t\t\t\t\t<div class=\"elementor-element elementor-element-35244d1 elementor-widget elementor-widget-image\" data-id=\"35244d1\" data-element_type=\"widget\" data-widget_type=\"image.default\">\n\t\t\t\t<div class=\"elementor-widget-container\">\n\t\t\t\t\t\t\t\t\t\t\t\t\t<img decoding=\"async\" src=\"https:\/\/edusexage.eu\/wp-content\/uploads\/2022\/03\/EduSexAge-Horizontal-WHITE.png\" title=\"EduSexAge Horizontal WHITE\" alt=\"EduSexAge Horizontal WHITE\" loading=\"lazy\" \/>\t\t\t\t\t\t\t\t\t\t\t\t\t<\/div>\n\t\t\t\t<\/div>\n\t\t\t\t\t<\/div>\n\t\t<\/div>\n\t\t\t\t\t<\/div>\n\t\t<\/section>\n\t\t\t\t<section class=\"elementor-section elementor-top-section elementor-element elementor-element-da05b14 elementor-section-full_width elementor-section-height-min-height elementor-hidden-tablet elementor-hidden-mobile elementor-section-height-default elementor-section-items-middle\" data-id=\"da05b14\" data-element_type=\"section\" data-settings=\"{&quot;background_background&quot;:&quot;classic&quot;}\" data-no-translation=\"\">\n\t\t\t\t\t\t\t<div class=\"elementor-background-overlay\"><\/div>\n\t\t\t\t\t\t\t<div class=\"elementor-container elementor-column-gap-default\">\n\t\t\t\t\t<div class=\"elementor-column elementor-col-50 elementor-top-column elementor-element elementor-element-5e46464\" data-id=\"5e46464\" data-element_type=\"column\" data-settings=\"{&quot;background_background&quot;:&quot;classic&quot;}\">\n\t\t\t<div class=\"elementor-widget-wrap elementor-element-populated\">\n\t\t\t\t\t\t<div class=\"elementor-element elementor-element-4c21399 elementor-widget elementor-widget-image\" data-id=\"4c21399\" data-element_type=\"widget\" data-widget_type=\"image.default\">\n\t\t\t\t<div class=\"elementor-widget-container\">\n\t\t\t\t\t\t\t\t\t\t\t\t\t<img decoding=\"async\" src=\"https:\/\/edusexage.eu\/wp-content\/uploads\/2022\/03\/red-heart-1.png\" title=\"red heart\" alt=\"red heart\" loading=\"lazy\" \/>\t\t\t\t\t\t\t\t\t\t\t\t\t<\/div>\n\t\t\t\t<\/div>\n\t\t\t\t<div class=\"elementor-element elementor-element-199ffe1 elementor-widget elementor-widget-heading\" data-id=\"199ffe1\" data-element_type=\"widget\" data-widget_type=\"heading.default\">\n\t\t\t\t<div class=\"elementor-widget-container\">\n\t\t\t<h3 class=\"elementor-heading-title elementor-size-default\">User Requirement Report<\/h3>\t\t<\/div>\n\t\t\t\t<\/div>\n\t\t\t\t<div class=\"elementor-element elementor-element-fed5815 elementor-widget elementor-widget-shortcode\" data-id=\"fed5815\" data-element_type=\"widget\" data-widget_type=\"shortcode.default\">\n\t\t\t\t<div class=\"elementor-widget-container\">\n\t\t\t\t\t<div class=\"elementor-shortcode\"><div class=\"_3d-flip-book  fb3d-fullscreen-mode full-size\" data-id=\"261\" data-mode=\"fullscreen\" data-title=\"false\" data-template=\"short-white-book-view\" data-lightbox=\"dark-shadow\" data-urlparam=\"fb3d-page\" data-page-n=\"0\" data-pdf=\"\" data-tax=\"null\" data-thumbnail=\"\" data-cols=\"3\" data-book-template=\"default\"><\/div><script type=\"text\/javascript\">window.FB3D_CLIENT_DATA = window.FB3D_CLIENT_DATA || [];window.FB3D_CLIENT_DATA.push('eyJwb3N0cyI6eyIyNjEiOnsiSUQiOjI2MSwidGl0bGUiOiJVc2VyIFJlcXVpcmVtZW50IFJlcG9ydCAtIFNMIiwidHlwZSI6InBkZiIsInJlYWR5X2Z1bmN0aW9uIjoiIiwiYm9va19zdHlsZSI6ImZsYXQiLCJib29rX3RlbXBsYXRlIjoibm9uZSIsIm91dGxpbmUiOltdLCJkYXRhIjp7InBvc3RfSUQiOiIyNjAiLCJndWlkIjoiaHR0cDpcL1wvZWR1c2V4YWdlLmV1XC93cC1jb250ZW50XC91cGxvYWRzXC8yMDIzXC8wMVwvRWR1U2V4YWdlLVVzZXJzLVJlcG9ydC1TbG92ZW5pYW4ucGRmIiwicGRmX3BhZ2VzIjoiMzUiLCJwYWdlc19jdXN0b21pemF0aW9uIjoibm9uZSJ9LCJ0aHVtYm5haWwiOnsiZGF0YSI6eyJwb3N0X0lEIjoiMCJ9LCJ0eXBlIjoiYXV0byJ9LCJwcm9wcyI6eyJjYWNoZWRQYWdlcyI6ImF1dG8iLCJyZW5kZXJJbmFjdGl2ZVBhZ2VzIjoiYXV0byIsInJlbmRlckluYWN0aXZlUGFnZXNPbk1vYmlsZSI6ImF1dG8iLCJyZW5kZXJXaGlsZUZsaXBwaW5nIjoiYXV0byIsInByZWxvYWRQYWdlcyI6ImF1dG8iLCJydGwiOiJhdXRvIiwiaW50ZXJhY3RpdmVDb3JuZXJzIjoiYXV0byIsInNoZWV0Ijp7InN0YXJ0VmVsb2NpdHkiOiJhdXRvIiwid2F2ZSI6ImF1dG8iLCJzaGFwZSI6ImF1dG8iLCJ3aWR0aFRleGVscyI6ImF1dG8iLCJjb2xvciI6ImF1dG8iLCJzaWRlIjoiYXV0byIsImNvcm5lckRldmlhdGlvbiI6ImF1dG8iLCJmbGV4aWJpbGl0eSI6ImF1dG8iLCJmbGV4aWJsZUNvcm5lciI6ImF1dG8iLCJiZW5kaW5nIjoiYXV0byIsImhlaWdodFRleGVscyI6ImF1dG8ifSwiY292ZXIiOnsid2F2ZSI6ImF1dG8iLCJjb2xvciI6ImF1dG8iLCJiaW5kZXJUZXh0dXJlIjoiYXV0byIsImRlcHRoIjoiYXV0byIsInBhZGRpbmciOiJhdXRvIiwic3RhcnRWZWxvY2l0eSI6ImF1dG8iLCJmbGV4aWJpbGl0eSI6ImF1dG8iLCJmbGV4aWJsZUNvcm5lciI6ImF1dG8iLCJiZW5kaW5nIjoiYXV0byIsIndpZHRoVGV4ZWxzIjoiYXV0byIsImhlaWdodFRleGVscyI6ImF1dG8iLCJtYXNzIjoiYXV0byIsInNpZGUiOiJhdXRvIiwic2hhcGUiOiJhdXRvIn0sInBhZ2UiOnsid2F2ZSI6ImF1dG8iLCJjb2xvciI6ImF1dG8iLCJkZXB0aCI6ImF1dG8iLCJzdGFydFZlbG9jaXR5IjoiYXV0byIsImZsZXhpYmlsaXR5IjoiYXV0byIsImZsZXhpYmxlQ29ybmVyIjoiYXV0byIsImJlbmRpbmciOiJhdXRvIiwid2lkdGhUZXhlbHMiOiJhdXRvIiwiaGVpZ2h0VGV4ZWxzIjoiYXV0byIsIm1hc3MiOiJhdXRvIiwic2lkZSI6ImF1dG8iLCJzaGFwZSI6ImF1dG8ifSwiaGVpZ2h0IjoiYXV0byIsIndpZHRoIjoiYXV0byIsImdyYXZpdHkiOiJhdXRvIiwicGFnZXNGb3JQcmVkaWN0aW5nIjoiYXV0byJ9LCJjb250cm9sUHJvcHMiOnsiYWN0aW9ucyI6eyJjbWRTYXZlIjp7ImVuYWJsZWQiOiJhdXRvIiwiZW5hYmxlZEluTmFycm93IjoiYXV0byJ9LCJjbWRQcmludCI6eyJlbmFibGVkIjoiYXV0byIsImVuYWJsZWRJbk5hcnJvdyI6ImF1dG8ifSwiY21kU2luZ2xlUGFnZSI6eyJlbmFibGVkIjoiYXV0byIsImVuYWJsZWRJbk5hcnJvdyI6ImF1dG8iLCJhY3RpdmUiOiJhdXRvIiwiYWN0aXZlRm9yTW9iaWxlIjoiYXV0byJ9fX0sImF1dG9UaHVtYm5haWwiOm51bGwsInBvc3RfbmFtZSI6InVzZXItcmVxdWlyZW1lbnQtcmVwb3J0LXNsIiwicG9zdF90eXBlIjoiM2QtZmxpcC1ib29rIn19LCJwYWdlcyI6W10sImZpcnN0UGFnZXMiOltdfQ==');window.FB3D_CLIENT_LOCALE && window.FB3D_CLIENT_LOCALE.render();<\/script><\/div>\n\t\t\t\t<\/div>\n\t\t\t\t<\/div>\n\t\t\t\t<div class=\"elementor-element elementor-element-98d86ef elementor-align-center elementor-widget elementor-widget-button\" data-id=\"98d86ef\" data-element_type=\"widget\" data-widget_type=\"button.default\">\n\t\t\t\t<div class=\"elementor-widget-container\">\n\t\t\t\t\t<div class=\"elementor-button-wrapper\">\n\t\t\t<a class=\"elementor-button elementor-button-link elementor-size-xs\" href=\"http:\/\/edusexage.eu\/\">\n\t\t\t\t\t\t<span class=\"elementor-button-content-wrapper\">\n\t\t\t\t\t\t\t\t\t<span class=\"elementor-button-text\">Homepage<\/span>\n\t\t\t\t\t<\/span>\n\t\t\t\t\t<\/a>\n\t\t<\/div>\n\t\t\t\t<\/div>\n\t\t\t\t<\/div>\n\t\t\t\t\t<\/div>\n\t\t<\/div>\n\t\t\t\t<div class=\"elementor-column elementor-col-50 elementor-top-column elementor-element elementor-element-fe033d3\" data-id=\"fe033d3\" data-element_type=\"column\" data-settings=\"{&quot;background_background&quot;:&quot;classic&quot;}\">\n\t\t\t<div class=\"elementor-widget-wrap elementor-element-populated\">\n\t\t\t\t\t<div class=\"elementor-background-overlay\"><\/div>\n\t\t\t\t\t\t<div class=\"elementor-element elementor-element-94ad63e elementor-widget elementor-widget-spacer\" data-id=\"94ad63e\" data-element_type=\"widget\" data-widget_type=\"spacer.default\">\n\t\t\t\t<div class=\"elementor-widget-container\">\n\t\t\t\t\t<div class=\"elementor-spacer\">\n\t\t\t<div class=\"elementor-spacer-inner\"><\/div>\n\t\t<\/div>\n\t\t\t\t<\/div>\n\t\t\t\t<\/div>\n\t\t\t\t\t<\/div>\n\t\t<\/div>\n\t\t\t\t\t<\/div>\n\t\t<\/section>\n\t\t\t\t<section class=\"elementor-section elementor-top-section elementor-element elementor-element-e4f69d6 elementor-section-full_width elementor-section-height-min-height elementor-hidden-desktop elementor-section-height-default elementor-section-items-middle\" data-id=\"e4f69d6\" data-element_type=\"section\" id=\"about\" data-settings=\"{&quot;background_background&quot;:&quot;classic&quot;}\">\n\t\t\t\t\t\t<div class=\"elementor-container elementor-column-gap-default\">\n\t\t\t\t\t<div class=\"elementor-column elementor-col-100 elementor-top-column elementor-element elementor-element-8cf8a9d\" data-id=\"8cf8a9d\" data-element_type=\"column\">\n\t\t\t<div class=\"elementor-widget-wrap elementor-element-populated\">\n\t\t\t\t\t\t<div class=\"elementor-element elementor-element-0c5823e elementor-widget elementor-widget-image\" data-id=\"0c5823e\" data-element_type=\"widget\" data-widget_type=\"image.default\">\n\t\t\t\t<div class=\"elementor-widget-container\">\n\t\t\t\t\t\t\t\t\t\t\t\t\t<img decoding=\"async\" src=\"https:\/\/edusexage.eu\/wp-content\/uploads\/2022\/03\/blue-heart.png\" title=\"blue heart\" alt=\"blue heart\" loading=\"lazy\" \/>\t\t\t\t\t\t\t\t\t\t\t\t\t<\/div>\n\t\t\t\t<\/div>\n\t\t\t\t<div class=\"elementor-element elementor-element-911384f elementor-widget elementor-widget-heading\" data-id=\"911384f\" data-element_type=\"widget\" data-widget_type=\"heading.default\">\n\t\t\t\t<div class=\"elementor-widget-container\">\n\t\t\t<h2 class=\"elementor-heading-title elementor-size-default\">O projektu:<\/h2>\t\t<\/div>\n\t\t\t\t<\/div>\n\t\t\t\t<div class=\"elementor-element elementor-element-e2fdaa2 elementor-widget elementor-widget-text-editor\" data-id=\"e2fdaa2\" data-element_type=\"widget\" data-widget_type=\"text-editor.default\">\n\t\t\t\t<div class=\"elementor-widget-container\">\n\t\t\t<style>\/*! elementor - v3.21.0 - 25-04-2024 *\/\n.elementor-widget-text-editor.elementor-drop-cap-view-stacked .elementor-drop-cap{background-color:#69727d;color:#fff}.elementor-widget-text-editor.elementor-drop-cap-view-framed .elementor-drop-cap{color:#69727d;border:3px solid;background-color:transparent}.elementor-widget-text-editor:not(.elementor-drop-cap-view-default) .elementor-drop-cap{margin-top:8px}.elementor-widget-text-editor:not(.elementor-drop-cap-view-default) .elementor-drop-cap-letter{width:1em;height:1em}.elementor-widget-text-editor .elementor-drop-cap{float:left;text-align:center;line-height:1;font-size:50px}.elementor-widget-text-editor .elementor-drop-cap-letter{display:inline-block}<\/style>\t\t\t\t<p>Projekt Izobra\u017eevanje za zdravo spolnost v starosti (EDUSEXAGE) je sofinanciran s strani programa Erasmus+. Projekt se je za\u010del v novembru 2021 in se bo zaklju\u010dil novembra 2023. Konzorcij sestavljajo nevladne organizacije, zasebne organizacije, svetovalni ter raziskovalni centri in visoko\u0161olske institucije iz Francije, Irske, Slovenije, Nem\u010dije, Italije in \u0160panije. Cilj projekta EDUSEXAGE je spodbujati socializacijo, samozavest in aktivno spolno \u017eivljenje starostnikov (65+). Prav tako je cilj projekta odpraviti stereotip o spolnosti pri starej\u0161ih in nuditi sodobne vire usposabljanja za starostnike in njihove neformalne oskrbnike ter predavatelje.<\/p>\t\t\t\t\t\t<\/div>\n\t\t\t\t<\/div>\n\t\t\t\t\t<\/div>\n\t\t<\/div>\n\t\t\t\t\t<\/div>\n\t\t<\/section>\n\t\t\t\t<section class=\"elementor-section elementor-top-section elementor-element elementor-element-7fcf606 elementor-section-height-min-height elementor-hidden-desktop elementor-section-boxed elementor-section-height-default elementor-section-items-middle\" data-id=\"7fcf606\" data-element_type=\"section\" id=\"contact\" data-settings=\"{&quot;background_background&quot;:&quot;classic&quot;}\">\n\t\t\t\t\t\t<div class=\"elementor-container elementor-column-gap-default\">\n\t\t\t\t\t<div class=\"elementor-column elementor-col-100 elementor-top-column elementor-element elementor-element-36677ce\" data-id=\"36677ce\" data-element_type=\"column\">\n\t\t\t<div class=\"elementor-widget-wrap elementor-element-populated\">\n\t\t\t\t\t\t<div class=\"elementor-element elementor-element-6bba48c elementor-widget elementor-widget-image\" data-id=\"6bba48c\" data-element_type=\"widget\" data-widget_type=\"image.default\">\n\t\t\t\t<div class=\"elementor-widget-container\">\n\t\t\t\t\t\t\t\t\t\t\t\t\t<img decoding=\"async\" src=\"https:\/\/edusexage.eu\/wp-content\/uploads\/2022\/03\/blue-heart.png\" title=\"blue heart\" alt=\"blue heart\" loading=\"lazy\" \/>\t\t\t\t\t\t\t\t\t\t\t\t\t<\/div>\n\t\t\t\t<\/div>\n\t\t\t\t<div class=\"elementor-element elementor-element-27471db elementor-widget elementor-widget-heading\" data-id=\"27471db\" data-element_type=\"widget\" data-widget_type=\"heading.default\">\n\t\t\t\t<div class=\"elementor-widget-container\">\n\t\t\t<h2 class=\"elementor-heading-title elementor-size-default\">Kontakt:<\/h2>\t\t<\/div>\n\t\t\t\t<\/div>\n\t\t\t\t<div class=\"elementor-element elementor-element-0d90bfa elementor-widget elementor-widget-text-editor\" data-id=\"0d90bfa\" data-element_type=\"widget\" data-widget_type=\"text-editor.default\">\n\t\t\t\t<div class=\"elementor-widget-container\">\n\t\t\t\t\t\t\t<p>Email: <a href=\"mailto:edusexage@googlegroups.com\">edusexage@googlegroups.com<\/a><\/p>\t\t\t\t\t\t<\/div>\n\t\t\t\t<\/div>\n\t\t\t\t<div class=\"elementor-element elementor-element-c1043f0 elementor-widget elementor-widget-elementskit-social-media\" data-id=\"c1043f0\" data-element_type=\"widget\" data-widget_type=\"elementskit-social-media.default\">\n\t\t\t\t<div class=\"elementor-widget-container\">\n\t\t\t<div class=\"ekit-wid-con\" >\t\t\t <ul class=\"ekit_social_media\">\n\t\t\t\t\t\t\t\t\t\t\t\t\t\t<li class=\"elementor-repeater-item-db62ae3\">\n\t\t\t\t\t    <a\n\t\t\t\t\t\thref=\"https:\/\/www.facebook.com\/edusexage.euproject\" aria-label=\"Facebook\" class=\"facebook\" >\n\t\t\t\t\t\t\t\t\t\t\t\t\t\t\n\t\t\t\t\t\t\t<i aria-hidden=\"true\" class=\"icon icon-facebook\"><\/i>\t\t\t\t\t\t\t\t\t\n                                                                                                            <\/a>\n                    <\/li>\n                    \t\t\t\t\t\t\t\t\t\t\t\t\t\t<li class=\"elementor-repeater-item-1505e81\">\n\t\t\t\t\t    <a\n\t\t\t\t\t\thref=\"https:\/\/twitter.com\/edusexage\" aria-label=\"Twitter\" class=\"twitter\" >\n\t\t\t\t\t\t\t\t\t\t\t\t\t\t\n\t\t\t\t\t\t\t<i aria-hidden=\"true\" class=\"icon icon-twitter\"><\/i>\t\t\t\t\t\t\t\t\t\n                                                                                                            <\/a>\n                    <\/li>\n                    \t\t\t\t\t\t\t\t\t\t\t\t\t\t<li class=\"elementor-repeater-item-35f11bf\">\n\t\t\t\t\t    <a\n\t\t\t\t\t\thref=\"https:\/\/www.linkedin.com\/company\/erasmus-project-edusexage?fbclid=IwAR11tZwIRfzfAGo-bWahisYisNHUtsrwvUuykZFL4ZFytV_XtHqjdbvHK8A\" aria-label=\"LinkedIn\" class=\"linkedin\" >\n\t\t\t\t\t\t\t\t\t\t\t\t\t\t\n\t\t\t\t\t\t\t<i aria-hidden=\"true\" class=\"icon icon-linkedin\"><\/i>\t\t\t\t\t\t\t\t\t\n                                                                                                            <\/a>\n                    <\/li>\n                    \t\t\t\t\t\t\t<\/ul>\n\t\t<\/div>\t\t<\/div>\n\t\t\t\t<\/div>\n\t\t\t\t\t<\/div>\n\t\t<\/div>\n\t\t\t\t\t<\/div>\n\t\t<\/section>\n\t\t\t\t<section class=\"elementor-section elementor-top-section elementor-element elementor-element-acbe1d3 elementor-section-boxed elementor-section-height-default elementor-section-height-default\" data-id=\"acbe1d3\" data-element_type=\"section\">\n\t\t\t\t\t\t<div class=\"elementor-container elementor-column-gap-default\">\n\t\t\t\t\t<div class=\"elementor-column elementor-col-50 elementor-top-column elementor-element elementor-element-8e7adbe\" data-id=\"8e7adbe\" data-element_type=\"column\">\n\t\t\t<div class=\"elementor-widget-wrap elementor-element-populated\">\n\t\t\t\t\t\t<div class=\"elementor-element elementor-element-63d5474 elementor-widget elementor-widget-image\" data-id=\"63d5474\" data-element_type=\"widget\" data-widget_type=\"image.default\">\n\t\t\t\t<div class=\"elementor-widget-container\">\n\t\t\t\t\t\t\t\t\t\t\t\t\t<img decoding=\"async\" width=\"580\" height=\"119\" src=\"https:\/\/edusexage.eu\/wp-content\/uploads\/2022\/03\/erasmus_logo-1024x210-1.jpg\" class=\"attachment-large size-large wp-image-99\" alt=\"\" srcset=\"https:\/\/edusexage.eu\/wp-content\/uploads\/2022\/03\/erasmus_logo-1024x210-1.jpg 1024w, https:\/\/edusexage.eu\/wp-content\/uploads\/2022\/03\/erasmus_logo-1024x210-1-300x62.jpg 300w, https:\/\/edusexage.eu\/wp-content\/uploads\/2022\/03\/erasmus_logo-1024x210-1-768x158.jpg 768w\" sizes=\"(max-width: 580px) 100vw, 580px\" \/>\t\t\t\t\t\t\t\t\t\t\t\t\t<\/div>\n\t\t\t\t<\/div>\n\t\t\t\t\t<\/div>\n\t\t<\/div>\n\t\t\t\t<div class=\"elementor-column elementor-col-50 elementor-top-column elementor-element elementor-element-fab9baa\" data-id=\"fab9baa\" data-element_type=\"column\">\n\t\t\t<div class=\"elementor-widget-wrap elementor-element-populated\">\n\t\t\t\t\t\t<div class=\"elementor-element elementor-element-4b6cab1 elementor-widget elementor-widget-text-editor\" data-id=\"4b6cab1\" data-element_type=\"widget\" data-widget_type=\"text-editor.default\">\n\t\t\t\t<div class=\"elementor-widget-container\">\n\t\t\t\t\t\t\t<p>Financirano s strani Evropske unije. Izra\u017eena stali\u0161\u010da in mnenja so zgolj stali\u0161\u010da in mnenja avtorja(-ev) in ni nujno, da odra\u017eajo stali\u0161\u010da in mnenja Evropske unije ali Evropske izvajalske agencije za izobra\u017eevanje in kulturo (EACEA). Zanje ne moreta biti odgovorna niti Evropska unija niti EACEA.<\/p>\t\t\t\t\t\t<\/div>\n\t\t\t\t<\/div>\n\t\t\t\t\t<\/div>\n\t\t<\/div>\n\t\t\t\t\t<\/div>\n\t\t<\/section>\n\t\t\t\t<\/div>","protected":false},"excerpt":{"rendered":"<p>About Project Results Partners News Contact X User Requirement Report Homepage User Requirement Report Homepage User Requirement Report Homepage User Requirement Report Homepage User Requirement Report Homepage User Requirement Report Homepage About The Project The project Education for healthy sexuality in older age (EDUSEXAGE) is co-financed by the Erasmus+ programme. The project started in November [&hellip;]<\/p>","protected":false},"author":1,"featured_media":0,"parent":0,"menu_order":0,"comment_status":"closed","ping_status":"closed","template":"elementor_canvas","meta":{"_monsterinsights_skip_tracking":false,"_monsterinsights_sitenote_active":false,"_monsterinsights_sitenote_note":"","_monsterinsights_sitenote_category":0,"footnotes":""},"_links":{"self":[{"href":"https:\/\/edusexage.eu\/sl\/wp-json\/wp\/v2\/pages\/165"}],"collection":[{"href":"https:\/\/edusexage.eu\/sl\/wp-json\/wp\/v2\/pages"}],"about":[{"href":"https:\/\/edusexage.eu\/sl\/wp-json\/wp\/v2\/types\/page"}],"author":[{"embeddable":true,"href":"https:\/\/edusexage.eu\/sl\/wp-json\/wp\/v2\/users\/1"}],"replies":[{"embeddable":true,"href":"https:\/\/edusexage.eu\/sl\/wp-json\/wp\/v2\/comments?post=165"}],"version-history":[{"count":70,"href":"https:\/\/edusexage.eu\/sl\/wp-json\/wp\/v2\/pages\/165\/revisions"}],"predecessor-version":[{"id":283,"href":"https:\/\/edusexage.eu\/sl\/wp-json\/wp\/v2\/pages\/165\/revisions\/283"}],"wp:attachment":[{"href":"https:\/\/edusexage.eu\/sl\/wp-json\/wp\/v2\/media?parent=165"}],"curies":[{"name":"wp","href":"https:\/\/api.w.org\/{rel}","templated":true}]}}